{"id":88,"date":"2023-10-12T19:22:27","date_gmt":"2023-10-12T19:22:27","guid":{"rendered":"https:\/\/kmathf.de\/Home\/?page_id=88"},"modified":"2026-04-13T07:33:49","modified_gmt":"2026-04-13T07:33:49","slug":"kmathf-schuelerseiten","status":"publish","type":"page","link":"https:\/\/kmathf.de\/Home\/konferenz-der-mathematischen-fachbereiche\/kmathf-schuelerseiten\/","title":{"rendered":"Seiten f\u00fcr Sch\u00fclerInnen"},"content":{"rendered":"\n<p>Mathematik ist Basiswissenschaft f\u00fcr moderne Hochtechnologien; sie ist andererseits auch eine eigenst\u00e4ndige faszinierende Wissenschaft. Um Mathematik studieren zu k\u00f6nnen, braucht man Begabung, Abstraktionsverm\u00f6gen, Ausdauer und Zielstrebigkeit. Sehr viel wird f\u00fcr Talentsuche und Talentf\u00f6rderung getan; es gibt zum Beispiel den&nbsp;<a href=\"http:\/\/www.bundeswettbewerb-mathematik.de\/\">Bundeswettbewerb Mathematik<\/a>&nbsp;und die&nbsp;<a href=\"http:\/\/www.math.uni-rostock.de\/MO\">Mathematik-Olympiaden.<\/a>&nbsp;Dann gibt es ein&nbsp;<a href=\"http:\/\/www.sinus-transfer.de\/\">BLK-Programm &#8222;Sinustransfer&#8220;<\/a>&nbsp;zur Steigerung der Effizienz des mathematisch-naturwissenschaftlichen Unterrichts. Die Seite <a href=\"https:\/\/www.begabungslotse.de\/foerderangebote-jugendliche\">Begabungslotse<\/a> hat viele n\u00fctzliche Links f\u00fcr Jugendliche.<\/p>\n\n\n\n<p>Wir zeigen hier in der folgenden Liste auf die Informationsseiten der Mathematischen Fachbereiche f\u00fcr Sch\u00fcler und Sch\u00fclerinnen.<\/p>\n\n\n\n<figure class=\"wp-block-table\"><table><tbody><tr><td><a href=\"http:\/\/www.mathematik.rwth-aachen.de\/\"><strong>Aachen<\/strong><\/a><strong><\/strong><\/td><td><a href=\"http:\/\/www.mathematik.rwth-aachen.de\/?q=node\/11\">Schulseite<\/a><\/td><\/tr><tr><td rowspan=\"2\"><a href=\"https:\/\/www.mathematik.hu-berlin.de\/\"><strong>Berlin HU<\/strong><\/a><\/td><td><a href=\"https:\/\/msg.mathematik.hu-berlin.de\/\">Mathematische Sch\u00fcler*innengesellschaft<\/a><\/td><\/tr><tr><td><a href=\"http:\/\/www.mathematik.hu-berlin.de\/spezialklasse\/spezi.html\">Mathematik-Spezialklassen<\/a><\/td><\/tr><tr><td><a href=\"http:\/\/www.math.tu-berlin.de\/\"><strong>Berlin TU<\/strong><\/a><\/td><td><a href=\"http:\/\/www.math.tu-berlin.de\/~studber\/schueler.shtml\">Informationen f\u00fcr Sch\u00fclerInnen<\/a><\/td><\/tr><tr><td><a href=\"https:\/\/www.uni-bielefeld.de\/fakultaeten\/mathematik\/\"><strong>Bielefeld<\/strong><\/a><\/td><td><a href=\"https:\/\/www.uni-bielefeld.de\/fakultaeten\/mathematik\/studium\/studieninteressierte\/\">Informationen f\u00fcr Studieninteressierte<\/a><\/td><\/tr><tr><td><a href=\"http:\/\/www.math.uni-bonn.de\/\"><strong>Bonn<\/strong><\/a><\/td><td><a href=\"http:\/\/matheclub.math.uni-bonn.de\/\">Bonner Matheclub f\u00fcr Sch\u00fcler<\/a><\/td><\/tr><tr><td><a href=\"https:\/\/www.tu-braunschweig.de\/mathematik\"><strong>Braunschweig<\/strong><\/a><\/td><td><a href=\"https:\/\/mathe-lok.de\/\">Mathe-Lok \u2013 Mathematik zwischen Schule und Uni<\/a><\/td><\/tr><tr><td><a href=\"http:\/\/www.math.uni-bremen.de\/\"><strong>Bremen<\/strong><\/a><\/td><td><a href=\"http:\/\/www.math.uni-bremen.de\/cms\/detail.php?id=4679\">Mathematik und Schule<\/a><\/td><\/tr><tr><td><a href=\"http:\/\/www.tu-chemnitz.de\/mathematik\/\"><strong>Chemnitz<\/strong><\/a><\/td><td><a href=\"http:\/\/www.tu-chemnitz.de\/mathematik\/schule\/\">Mathematik und Schule<\/a><\/td><\/tr><tr><td><a href=\"http:\/\/www.math.tu-clausthal.de\/\"><strong>Clausthal<\/strong><\/a><\/td><td><a href=\"http:\/\/www.math.tu-clausthal.de\/Allgemeines\/gymnasien.html\">Informationen f\u00fcr zuk\u00fcnftige Studenten<\/a><\/td><\/tr><tr><td><a href=\"http:\/\/www.math.tu-cottbus.de\/\"><strong>Cottbus<\/strong><\/a><\/td><td><a href=\"http:\/\/vieta.math.tu-cottbus.de\/institut\/nam\/schueler\/index.html\">Sch\u00fclerseite<\/a><\/td><\/tr><tr><td><a href=\"https:\/\/www.mathematik.tu-darmstadt.de\/\"><strong>Darmstadt<\/strong><\/a><\/td><td><a href=\"https:\/\/www.mathematik.tu-darmstadt.de\/studium\/studieninteressierte\/entscheidungshilfen\/angebote_im_ueberblick\/startseite_orientierung_2.de.jsp\">Angebote f\u00fcr Sch\u00fcler*innen und Studieninteressierte<\/a><\/td><\/tr><tr><td><a href=\"https:\/\/www.mathematik.tu-dortmund.de\/\"><strong>Dortmund<\/strong><\/a><\/td><td><a href=\"https:\/\/www.mathematik.tu-dortmund.de\/fakultaet\/lehre\/services-themenseiten\/schuelerzirkel\">Sch\u00fclerzirkel<\/a><\/td><\/tr><tr><td><a href=\"http:\/\/www.uni-duisburg.de\/FB11\/home.html\"><strong>Duisburg<\/strong><\/a><\/td><td><a href=\"http:\/\/www.uni-duisburg.de\/FB11\/Math-Net\/BeginnersGuide.html\">Hinweise f\u00fcr Sch\u00fclerInnen und Studienanf\u00e4ngerInnen<\/a><\/td><\/tr><tr><td><a href=\"https:\/\/www.math.hhu.de\/\"><strong>D\u00fcsseldorf<\/strong><\/a><\/td><td><a href=\"https:\/\/www.math.hhu.de\/angebote-fuer-schueler\/innen-und-lehrer\/innen\">Angebote f\u00fcr Sch\u00fcler\/innen und Lehrer\/innen<\/a><\/td><\/tr><tr><td><a href=\"http:\/\/www.mathematik.uni-erlangen.de\/\"><strong>Erlangen<\/strong><\/a><\/td><td><a href=\"http:\/\/www.mathematik.uni-erlangen.de\/beginners-d.html\">Hinweise f\u00fcr Studienanf\u00e4nger und Sch\u00fcler<\/a><\/td><\/tr><tr><td><a href=\"http:\/\/www.mathe.tu-freiberg.de\/\"><strong>Freiberg<\/strong><\/a><\/td><td><a href=\"http:\/\/www.mathecafe.de\/\">MatheCafe.de<\/a><\/td><\/tr><tr><td><a href=\"http:\/\/www.math.uni-giessen.de\/\"><strong>Gie\u00dfen<\/strong><\/a><\/td><td><a href=\"http:\/\/www.mathematikum.de\/\">Mathematikmuseum<\/a><\/td><\/tr><tr><td><a href=\"http:\/\/www.math.uni-goettingen.de\/\"><strong>G\u00f6ttingen<\/strong><\/a><\/td><td><a href=\"http:\/\/www.math.uni-goettingen.de\/schueler\/\">Angebote f\u00fcr Sch\u00fcler und Sch\u00fclerinnen<\/a><\/td><\/tr><tr><td><a href=\"http:\/\/www.math-inf.uni-greifswald.de\/\"><strong>Greifswald<\/strong><\/a><\/td><td><a href=\"https:\/\/math-inf.uni-greifswald.de\/institut\/weitere-informationen\/vortraege-fuer-schuelerinnen-und-schueler\/\">Vortragsangebote f\u00fcr Sch\u00fcler<\/a><\/td><\/tr><tr><td><a href=\"https:\/\/www.mathematik.uni-halle.de\/\"><strong>Halle<\/strong><\/a><\/td><td><a href=\"https:\/\/www.mathematik.uni-halle.de\/studium\/\">Informationen f\u00fcr Sch\u00fcler und Studienanf\u00e4nger<\/a><\/td><\/tr><tr><td><a href=\"https:\/\/www.maphy.uni-hannover.de\/\"><strong>Hannover<\/strong><\/a><\/td><td><a href=\"https:\/\/www.maphy.uni-hannover.de\/studium\/schuelerinnen\">Angebote f\u00fcr Sch\u00fclerInnen<\/a><\/td><\/tr><tr><td><a href=\"https:\/\/www.mathinf.uni-heidelberg.de\/\"><strong>Heidelberg<\/strong><\/a><\/td><td><a href=\"https:\/\/www.mathinf.uni-heidelberg.de\/de\/outreach\/schulportal\">Schulportal<\/a><\/td><\/tr><tr><td><a href=\"https:\/\/www.tu-ilmenau.de\/universitaet\/fakultaeten\/fakultaet-mathematik-und-naturwissenschaften\/profil\/institute-und-fachgebiete\/institut-fuer-mathematik\"><strong>Ilmenau<\/strong><\/a><\/td><td><a href=\"https:\/\/www.tu-ilmenau.de\/universitaet\/fakultaeten\/fakultaet-mathematik-und-naturwissenschaften\/profil\/institute-und-fachgebiete\/institut-fuer-physik\/angebote-fuer-schulen\">Angebote f\u00fcr Schulen<\/a><\/td><\/tr><tr><td><a href=\"https:\/\/www.fmi.uni-jena.de\/\"><strong>Jena<\/strong><\/a><\/td><td><a href=\"https:\/\/www.fmi.uni-jena.de\/studieninteressierte\">Angebote f\u00fcr Studieninteressierte<\/a><\/td><\/tr><tr><td><a href=\"https:\/\/math.rptu.de\/\"><strong>Kaiserslautern (RPTU)<\/strong><\/a><\/td><td><a href=\"https:\/\/math.rptu.de\/schule\/schuelerinnen-und-schueler\">Angebote f\u00fcr Sch\u00fclerinnen und Sch\u00fcler<\/a><\/td><\/tr><tr><td><a href=\"https:\/\/www.math.kit.edu\/index.php\"><strong>Karlsruhe (KIT)<\/strong><\/a><\/td><td><a href=\"https:\/\/www.begabungslotse.de\/foerderangebote\/mathematik-fuer-besonders-begabte-institut-fuer-didaktik-mathematik-kit\">Abteilung f\u00fcr Didaktik der Mathematik<\/a><\/td><\/tr><tr><td><a href=\"http:\/\/www.mathematik.uni-kassel.de\/\"><strong>Kassel<\/strong><\/a><!-- HINWEIS: Sch\u00fclerseite pr\u00fcfen --><\/td><td><a href=\"https:\/\/www.uni-kassel.de\/fb10\/institute\/mathematik\">Informationen f\u00fcr Sch\u00fcler und Sch\u00fclerinnen<\/a><\/td><\/tr><tr><td><a href=\"http:\/\/www.math.uni-kiel.de\/\"><strong>Kiel<\/strong><\/a><\/td><td><a href=\"https:\/\/www.math.uni-kiel.de\/de\/studium\">Studium und Schule<\/a><\/td><\/tr><tr><td><a href=\"http:\/\/www.mi.uni-koeln.de\/index_de.html\"><strong>K\u00f6ln<\/strong><\/a><\/td><td><a href=\"http:\/\/www.mi.uni-koeln.de\/Lehre\/erstsemester_informationen.html\">Mathematik in K\u00f6ln<\/a><\/td><\/tr><tr><td><a href=\"http:\/\/www.mathematik.uni-leipzig.de\/\"><strong>Leipzig<\/strong><\/a><\/td><td><a href=\"http:\/\/www.mathematik.uni-leipzig.de\/schueprak\/\">Sch\u00fclerseite des Mathematischen Instituts<\/a><\/td><\/tr><tr><td><strong><a href=\"https:\/\/www.math.uni-luebeck.de\/\">L\u00fcbeck<\/a><\/strong><\/td><td><a href=\"https:\/\/www.lima.uni-luebeck.de\/lima\">LIMa<\/a><\/td><\/tr><tr><td><a href=\"http:\/\/www.math.uni-magdeburg.de\/\"><strong>Magdeburg<\/strong><\/a><\/td><td><a href=\"http:\/\/www.math.uni-magdeburg.de\/schule\/\">Sch\u00fclerseite<\/a><\/td><\/tr><tr><td><a href=\"http:\/\/www.mathematik.uni-mainz.de\/\"><strong>Mainz<\/strong><\/a><\/td><td><a href=\"http:\/\/www.mathematik.uni-mainz.de\/schule\">F\u00fcr Sch\u00fcler und Studierende<\/a><\/td><\/tr><tr><td><a href=\"https:\/\/www.math.cit.tum.de\/\"><strong>M\u00fcnchen TU<\/strong><\/a><\/td><td><a href=\"https:\/\/www.math.cit.tum.de\/math\/department\/outreach-activities\/schulportal\/schuelerinnen\/\">Programme f\u00fcr Sch\u00fcler:innen<\/a><\/td><\/tr><tr><td><a href=\"https:\/\/www.math.lmu.de\/\"><strong>M\u00fcnchen Uni<\/strong><\/a><\/td><td><a href=\"https:\/\/www.math.lmu.de\/schulen\/index.html\">Schulportal<\/a><\/td><\/tr><tr><td><a href=\"https:\/\/www.uni-muenster.de\/FB10\/\"><strong>M\u00fcnster<\/strong><\/a><\/td><td><a href=\"https:\/\/www.uni-muenster.de\/Epsilon\/\">Epsilon \u2013 Angebote f\u00fcr Sch\u00fclerinnen und Sch\u00fcler<\/a><\/td><\/tr><tr><td><a href=\"https:\/\/math.uni-paderborn.de\/\"><strong>Paderborn<\/strong><\/a><\/td><td><a href=\"https:\/\/math.uni-paderborn.de\/studium\/vor-dem-studium\">Informationen f\u00fcr Studieninteressierte<\/a><\/td><\/tr><tr><td><a href=\"http:\/\/www.math.uni-rostock.de\/\"><strong>Rostock<\/strong><\/a><\/td><td><a href=\"https:\/\/www.mathematik.uni-rostock.de\/studium-lehre\/\">Informationen f\u00fcr Sch\u00fcler und Studienanf\u00e4nger<\/a><\/td><\/tr><tr><td><strong><a href=\"https:\/\/www.uni-siegen.de\/fb6\/fb6\/\">Siegen<\/a><\/strong><\/td><td><a href=\"https:\/\/www.uni-siegen.de\/fb6\/fb6\/studiumundlehre\/schueler\/index.html?lang=de\">Sch\u00fclerstudium<\/a><\/td><\/tr><tr><td><a href=\"http:\/\/www.mathematik.uni-stuttgart.de\/\"><strong>Stuttgart<\/strong><\/a><\/td><td><a href=\"http:\/\/www.mathematik.uni-stuttgart.de\/studium\/schuelerzirkel\/\">Sch\u00fclerzirkel f\u00fcr Klassenstufen 7-13<\/a><\/td><\/tr><tr><td><a href=\"http:\/\/www.mathematik.uni-trier.de\/\"><strong>Trier<\/strong><\/a><\/td><td><a href=\"http:\/\/www.mathematik.uni-trier.de\/informationen\/schueler.html\">Informationen f\u00fcr Sch\u00fcler<\/a><\/td><\/tr><tr><td><a href=\"https:\/\/www.uni-ulm.de\/mawi\/mawi-mathfinanz\/\"><strong>Ulm<\/strong><\/a><\/td><td><a href=\"https:\/\/www.begabungslotse.de\/foerderangebote\/kurse-fuer-mathematisch-begabte-schueler-uni-ulm\">Begabungslotse<\/a><\/td><\/tr><tr><td><a href=\"https:\/\/www.mathematik.uni-wuerzburg.de\/\"><strong>W\u00fcrzburg<\/strong><\/a><\/td><td><a href=\"https:\/\/www.mathematik.uni-wuerzburg.de\/studium\/angebote-fuer-schuelerinnen-und-schueler\/\">Angebote f\u00fcr Sch\u00fclerinnen und Sch\u00fcler<\/a><\/td><\/tr><\/tbody><\/table><\/figure>\n\n","protected":false},"excerpt":{"rendered":"<p>Mathematik ist Basiswissenschaft f\u00fcr moderne Hochtechnologien; sie ist andererseits auch eine eigenst\u00e4ndige faszinierende Wissenschaft. Um Mathematik studieren zu k\u00f6nnen, braucht &hellip; <\/p>\n","protected":false},"author":1,"featured_media":0,"parent":7,"menu_order":0,"comment_status":"closed","ping_status":"closed","template":"","meta":{"footnotes":""},"class_list":["post-88","page","type-page","status-publish","hentry"],"_links":{"self":[{"href":"https:\/\/kmathf.de\/Home\/wp-json\/wp\/v2\/pages\/88","targetHints":{"allow":["GET"]}}],"collection":[{"href":"https:\/\/kmathf.de\/Home\/wp-json\/wp\/v2\/pages"}],"about":[{"href":"https:\/\/kmathf.de\/Home\/wp-json\/wp\/v2\/types\/page"}],"author":[{"embeddable":true,"href":"https:\/\/kmathf.de\/Home\/wp-json\/wp\/v2\/users\/1"}],"replies":[{"embeddable":true,"href":"https:\/\/kmathf.de\/Home\/wp-json\/wp\/v2\/comments?post=88"}],"version-history":[{"count":15,"href":"https:\/\/kmathf.de\/Home\/wp-json\/wp\/v2\/pages\/88\/revisions"}],"predecessor-version":[{"id":616,"href":"https:\/\/kmathf.de\/Home\/wp-json\/wp\/v2\/pages\/88\/revisions\/616"}],"up":[{"embeddable":true,"href":"https:\/\/kmathf.de\/Home\/wp-json\/wp\/v2\/pages\/7"}],"wp:attachment":[{"href":"https:\/\/kmathf.de\/Home\/wp-json\/wp\/v2\/media?parent=88"}],"curies":[{"name":"wp","href":"https:\/\/api.w.org\/{rel}","templated":true}]}}