{"id":82,"date":"2023-10-11T21:54:48","date_gmt":"2023-10-11T21:54:48","guid":{"rendered":"https:\/\/kmathf.de\/Home\/?page_id=82"},"modified":"2023-10-12T23:36:32","modified_gmt":"2023-10-12T23:36:32","slug":"kmathf-protokolle","status":"publish","type":"page","link":"https:\/\/kmathf.de\/Home\/konferenz-der-mathematischen-fachbereiche\/kmathf-protokolle\/","title":{"rendered":"Protokolle"},"content":{"rendered":"\n<h4 class=\"wp-block-heading\">Protokolle der Plenarversammlungen<\/h4>\n\n\n\n<ul class=\"wp-block-list\">\n<li><a href=\"http:\/\/kmathf.math.uni-bielefeld.de\/plenum\/pr2021.pdf\">Protokoll der 46. Plenarversammlung vom 25.09.2021 (pdf)<\/a><\/li>\n\n\n\n<li><a href=\"http:\/\/kmathf.math.uni-bielefeld.de\/plenum\/pr2019.pdf\">Protokoll der 44. Plenarversammlung vom 29.06.2019 (pdf)<\/a><\/li>\n\n\n\n<li><a href=\"http:\/\/kmathf.math.uni-bielefeld.de\/plenum\/pro2018.pdf\">Protokoll der 43. Plenarversammlung vom 09.06.2018 (pdf)<\/a>\n<ul class=\"wp-block-list\">\n<li><a href=\"http:\/\/kmathf.math.uni-bielefeld.de\/plenum\/CHE_Ranking_Mathematik_2018.pptx\">Folien Vortrag Dr. Sonja Berghoff (CHE) (pptx)<\/a><\/li>\n\n\n\n<li><a href=\"http:\/\/kmathf.math.uni-bielefeld.de\/plenum\/Einsatz_von_mathematischen_Vorkursen.pdf\">Folien Vortrag Dr. Michael Kallweit (Ruhr-Universit\u00e4t Bochum) (pdf)<\/a><\/li>\n<\/ul>\n<\/li>\n\n\n\n<li><a href=\"http:\/\/kmathf.math.uni-bielefeld.de\/plenum\/pr2017.pdf\">Protokoll der 42. Plenarversammlung vom 24.6.17 (pdf)<\/a>\n<ul class=\"wp-block-list\">\n<li><a href=\"http:\/\/kmathf.math.uni-bielefeld.de\/plenum\/kiefer.pdf\">Folien Vortrag Dr. Frank Kiefer (DFG) (pdf)<\/a><\/li>\n\n\n\n<li><a href=\"http:\/\/kmathf.math.uni-bielefeld.de\/plenum\/toerner.pdf\">Folien Vortrag Prof. Dr. G\u00fcnter T\u00f6rner (Universit\u00e4t Duisburg-Essen) (pdf)<\/a><\/li>\n<\/ul>\n<\/li>\n\n\n\n<li><a href=\"http:\/\/kmathf.math.uni-bielefeld.de\/plenum\/pr2016.pdf\">Protokoll der 41. Plenarversammlung vom 11.6.16 (pdf)<\/a><\/li>\n\n\n\n<li><a href=\"http:\/\/kmathf.math.uni-bielefeld.de\/plenum\/pr2015.pdf\">Protokoll der 40. Plenarversammlung vom 13.6.15 (pdf)<\/a><\/li>\n\n\n\n<li><a href=\"http:\/\/kmathf.math.uni-bielefeld.de\/plenum\/pr2014.pdf\">Protokoll der 39. Plenarversammlung vom 24.5.14 (pdf)<\/a><\/li>\n\n\n\n<li><a href=\"http:\/\/kmathf.math.uni-bielefeld.de\/plenum\/pr2013.pdf\">Protokoll der 38. Plenarversammlung vom 1.6.13 (pdf)<\/a><\/li>\n\n\n\n<li><a href=\"http:\/\/kmathf.math.uni-bielefeld.de\/plenum\/pr2012.pdf\">Protokoll der 37. Plenarversammlung vom 12.5.12 (pdf)<\/a><\/li>\n\n\n\n<li><a href=\"http:\/\/kmathf.math.uni-bielefeld.de\/plenum\/KMathF-protokoll-2011-final.pdf\">Protokoll der 36. Plenarversammlung vom 17.6.11 (pdf)<\/a><\/li>\n\n\n\n<li><a href=\"http:\/\/kmathf.math.uni-bielefeld.de\/plenum\/KMathF2010-protokoll-final.pdf\">Protokoll der 35. Plenarversammlung vom 28.5.10 (pdf)<\/a><\/li>\n\n\n\n<li><a href=\"http:\/\/kmathf.math.uni-bielefeld.de\/plenum\/KMathF2009-protokoll-final.pdf\">Protokoll der 34. Plenarversammlung vom 5.6.09 (pdf)<\/a><\/li>\n\n\n\n<li><a href=\"http:\/\/kmathf.math.uni-bielefeld.de\/plenum\/KMathF2008-protokoll-final.pdf\">Protokoll der 33. Plenarversammlung vom 26.4.08 (pdf)<\/a><\/li>\n\n\n\n<li><a href=\"http:\/\/kmathf.math.uni-bielefeld.de\/plenum\/prot07.pdf\">Protokoll der 32. Plenarversammlung vom 5.5.07 (pdf)<\/a><\/li>\n\n\n\n<li><a href=\"http:\/\/kmathf.math.uni-bielefeld.de\/plenum\/prot06.pdf\">Protokoll der 31. Plenarversammlung vom 27.5.06 (pdf)<\/a><\/li>\n\n\n\n<li><a href=\"http:\/\/kmathf.math.uni-bielefeld.de\/plenum\/prot05.pdf\">Protokoll der 30. Plenarversammlung vom 7.5.05 (pdf)<\/a><\/li>\n\n\n\n<li><a href=\"http:\/\/kmathf.math.uni-bielefeld.de\/plenum\/Prot04.pdf\">Protokoll der 29. Plenarversammlung vom 22.5.04 (pdf)<\/a><\/li>\n\n\n\n<li><a href=\"http:\/\/kmathf.math.uni-bielefeld.de\/plenum\/prot03.ps\">Protokoll der 28. Plenarversammlung vom 31.5.03&nbsp;<\/a><a href=\"http:\/\/kmathf.math.uni-bielefeld.de\/plenum\/prot03.pdf\">(pdf)<\/a><\/li>\n\n\n\n<li><a href=\"http:\/\/kmathf.math.uni-bielefeld.de\/plenum\/Prot02.ps\">Protokoll der 27. Plenarversammlung vom 11.5.02 (ps-file)<\/a><\/li>\n\n\n\n<li><a href=\"http:\/\/kmathf.math.uni-bielefeld.de\/plenum\/Prot01.ps\">Protokoll der 26. Plenarversammlung vom 12.5.01 (ps-file)<\/a><\/li>\n\n\n\n<li><a href=\"http:\/\/kmathf.math.uni-bielefeld.de\/plenum\/Pro300.ps\">Protokoll der 25. Plenarversammlung vom 20.5.00 (ps-file)<\/a>&nbsp;&nbsp;&nbsp;<a href=\"http:\/\/kmathf.math.uni-bielefeld.de\/plenum\/Pro300.ps.gz\">(ps.gz)<\/a><\/li>\n\n\n\n<li><a href=\"http:\/\/kmathf.math.uni-bielefeld.de\/plenum\/prot99.pdf\">Protokoll der 24. Plenarversammlung vom 15.5.99 (pdf)<\/a><\/li>\n\n\n\n<li><a href=\"http:\/\/kmathf.math.uni-bielefeld.de\/plenum\/prot98.ps\">Protokoll der 23. Plenarversammlung vom 23.5.98 (ps-file)<\/a><\/li>\n\n\n\n<li><a href=\"http:\/\/kmathf.math.uni-bielefeld.de\/plenum\/prot97.ps\">Protokoll der 22. Plenarversammlung vom 10.5.97 (ps-file)<\/a><\/li>\n\n\n\n<li><a href=\"http:\/\/kmathf.math.uni-bielefeld.de\/plenum\/prot96.ps\">Protokoll der 22. Plenarversammlung vom 18.5.96 (ps-file)<\/a><\/li>\n\n\n\n<li><a href=\"http:\/\/kmathf.math.uni-bielefeld.de\/plenum\/prot95.html\">Protokoll der 20. Plenarversammlung vom 27.4.95<\/a>\n<ul class=\"wp-block-list\">\n<li><a href=\"http:\/\/kmathf.math.uni-bielefeld.de\/plenum\/prot95T4.ps\">Erg\u00e4nzendes Schrifst\u00fcck zum TOP4 der 20. Plenarversammlung (ps-file)<\/a><\/li>\n\n\n\n<li><a href=\"http:\/\/kmathf.math.uni-bielefeld.de\/plenum\/prot95T6.ps\">Erg\u00e4nzendes Schrifst\u00fcck zum TOP6 der 20. Plenarversammlung (ps-file)<\/a><\/li>\n<\/ul>\n<\/li>\n\n\n\n<li><a href=\"http:\/\/kmathf.math.uni-bielefeld.de\/plenum\/prot94.ps\">Protokoll der 19. Plenarversammlung vom 14.5.94 (ps-file)<\/a><\/li>\n\n\n\n<li><a href=\"http:\/\/kmathf.math.uni-bielefeld.de\/plenum\/prot93.html\">Protokoll der 18. Plenarversammlung vom 22.5.93<\/a><\/li>\n\n\n\n<li><a href=\"http:\/\/kmathf.math.uni-bielefeld.de\/plenum\/prot92.html\">Protokoll der 17. Plenarversammlung vom 25.4.92<\/a><\/li>\n\n\n\n<li><a href=\"http:\/\/kmathf.math.uni-bielefeld.de\/plenum\/Plen16.ps\">Protokoll der 16. Plenarversammlung vom 13.4.91 (ps-file)<\/a>\n<ul class=\"wp-block-list\">\n<li><a href=\"http:\/\/kmathf.math.uni-bielefeld.de\/plenum\/ResPlen16.ps\">Resolution zur 16. Plenarversammlung (ps-file)<\/a><\/li>\n<\/ul>\n<\/li>\n\n\n\n<li><a href=\"http:\/\/kmathf.math.uni-bielefeld.de\/plenum\/Plen15.ps\">Protokoll der 15. Plenarversammlung vom 5.5.90 (ps-file)<\/a><\/li>\n\n\n\n<li><a href=\"http:\/\/kmathf.math.uni-bielefeld.de\/plenum\/Plen14.ps\">Protokoll der 14. Plenarversammlung vom 26.5.89 (ps-file)<\/a><\/li>\n\n\n\n<li><a href=\"http:\/\/kmathf.math.uni-bielefeld.de\/plenum\/Plen13.ps\">Protokoll der 13. Plenarversammlung vom 16.4.88 (ps-file)<\/a>\n<ul class=\"wp-block-list\">\n<li><a href=\"http:\/\/kmathf.math.uni-bielefeld.de\/plenum\/Anl1Plen13.ps\">Anlage 1 zur 13. Plenarversammlung (ps-file)<\/a><\/li>\n\n\n\n<li><a href=\"http:\/\/kmathf.math.uni-bielefeld.de\/plenum\/Anl2Plen13.ps\">Anlage 2 zur 13. Plenarversammlung (ps-file)<\/a><\/li>\n<\/ul>\n<\/li>\n\n\n\n<li><a href=\"http:\/\/kmathf.math.uni-bielefeld.de\/plenum\/Plen12.ps\">Protokoll der 12. Plenarversammlung vom 9.5.87 (ps-file)<\/a><\/li>\n\n\n\n<li><a href=\"http:\/\/kmathf.math.uni-bielefeld.de\/plenum\/Plen11.ps\">Protokoll der 11. Plenarversammlung vom 19.4.86 (ps-file)<\/a><\/li>\n\n\n\n<li><a href=\"http:\/\/kmathf.math.uni-bielefeld.de\/plenum\/Plen10.html\">Protokoll der 10. Plenarversammlung vom 20.4.85<\/a><\/li>\n\n\n\n<li><a href=\"http:\/\/kmathf.math.uni-bielefeld.de\/plenum\/Plen9.html\">Protokoll der 9. Plenarversammlung vom 5.5.84<\/a><\/li>\n\n\n\n<li><a href=\"http:\/\/kmathf.math.uni-bielefeld.de\/plenum\/Plen8.html\">Protokoll der 8. Plenarversammlung vom 23.4.83<\/a><\/li>\n\n\n\n<li><a href=\"http:\/\/kmathf.math.uni-bielefeld.de\/plenum\/Plen7.html\">Protokoll der 7. Plenarversammlung vom 1.5.82<\/a><\/li>\n\n\n\n<li><a href=\"http:\/\/kmathf.math.uni-bielefeld.de\/plenum\/Plen6.html\">Protokoll der 6. Plenarversammlung vom 25.4.81<\/a><\/li>\n\n\n\n<li><a href=\"http:\/\/kmathf.math.uni-bielefeld.de\/plenum\/Plen5.html\">Protokoll der 5. Plenarversammlung vom 26.\/27.4.80<\/a><\/li>\n\n\n\n<li><a href=\"http:\/\/kmathf.math.uni-bielefeld.de\/plenum\/Plen4.html\">Protokoll der 4. Plenarversammlung vom 28.\/29.4.79<\/a><\/li>\n\n\n\n<li><a href=\"http:\/\/kmathf.math.uni-bielefeld.de\/plenum\/Plena.html\">Protokoll der ausserordentlichen Plenarversammlung 4.10.78<\/a><\/li>\n\n\n\n<li><a href=\"http:\/\/kmathf.math.uni-bielefeld.de\/plenum\/Plen3.html\">Protokoll der 3. Plenarversammlung vom 29.4.78<\/a><\/li>\n\n\n\n<li><a href=\"http:\/\/kmathf.math.uni-bielefeld.de\/plenum\/Plen2.html\">Protokoll der 2. Plenarversammlung vom 17.6.77<\/a><\/li>\n\n\n\n<li><a href=\"http:\/\/kmathf.math.uni-bielefeld.de\/plenum\/Plen1.html\">Protokoll der 1. Plenarversammlung vom 24.11.76<\/a><\/li>\n<\/ul>\n","protected":false},"excerpt":{"rendered":"<p>Protokolle der Plenarversammlungen<\/p>\n","protected":false},"author":1,"featured_media":0,"parent":7,"menu_order":0,"comment_status":"closed","ping_status":"closed","template":"","meta":{"footnotes":""},"class_list":["post-82","page","type-page","status-publish","hentry"],"_links":{"self":[{"href":"https:\/\/kmathf.de\/Home\/wp-json\/wp\/v2\/pages\/82","targetHints":{"allow":["GET"]}}],"collection":[{"href":"https:\/\/kmathf.de\/Home\/wp-json\/wp\/v2\/pages"}],"about":[{"href":"https:\/\/kmathf.de\/Home\/wp-json\/wp\/v2\/types\/page"}],"author":[{"embeddable":true,"href":"https:\/\/kmathf.de\/Home\/wp-json\/wp\/v2\/users\/1"}],"replies":[{"embeddable":true,"href":"https:\/\/kmathf.de\/Home\/wp-json\/wp\/v2\/comments?post=82"}],"version-history":[{"count":4,"href":"https:\/\/kmathf.de\/Home\/wp-json\/wp\/v2\/pages\/82\/revisions"}],"predecessor-version":[{"id":421,"href":"https:\/\/kmathf.de\/Home\/wp-json\/wp\/v2\/pages\/82\/revisions\/421"}],"up":[{"embeddable":true,"href":"https:\/\/kmathf.de\/Home\/wp-json\/wp\/v2\/pages\/7"}],"wp:attachment":[{"href":"https:\/\/kmathf.de\/Home\/wp-json\/wp\/v2\/media?parent=82"}],"curies":[{"name":"wp","href":"https:\/\/api.w.org\/{rel}","templated":true}]}}