{"id":70,"date":"2023-10-05T15:20:12","date_gmt":"2023-10-05T15:20:12","guid":{"rendered":"https:\/\/kmathf.de\/Home\/?page_id=70"},"modified":"2023-10-13T06:46:51","modified_gmt":"2023-10-13T06:46:51","slug":"kmathf-mitgliederliste","status":"publish","type":"page","link":"https:\/\/kmathf.de\/Home\/konferenz-der-mathematischen-fachbereiche\/kmathf-mitgliederliste\/","title":{"rendered":"Mitgliederliste"},"content":{"rendered":"\n<h5 class=\"wp-block-heading has-text-align-center\">Beteiligte Fachbereiche nach Bundesl\u00e4ndern geordnet<\/h5>\n\n\n\n<p>Die linke Spalte f\u00fchrt zu den Webseiten der Wissenschaftsministerien.<\/p>\n\n\n\n<div class=\"wp-block-columns is-layout-flex wp-container-core-columns-is-layout-9d6595d7 wp-block-columns-is-layout-flex\">\n<div class=\"wp-block-column is-layout-flow wp-block-column-is-layout-flow\" style=\"flex-basis:100%\">\n<div class=\"wp-block-group\"><div class=\"wp-block-group__inner-container is-layout-constrained wp-block-group-is-layout-constrained\">\n<figure class=\"wp-block-table is-style-stripes\"><table><tbody><tr><td><a href=\"http:\/\/www.mwk-bw.de\/\">Baden-W\u00fcrttemberg<\/a><\/td><td><a href=\"http:\/\/www.mathematik.uni-freiburg.de\/\">Freiburg,<\/a>\u00a0<a href=\"http:\/\/www.mathi.uni-heidelberg.de\/\">Heidelberg,<\/a>\u00a0<a href=\"https:\/\/www.uni-hohenheim.de\/organisation\/einrichtung\/institut-fuer-angewandte-mathematik-und-statistik\">Hohenheim,<\/a>\u00a0<br><a href=\"http:\/\/www.mathematik.uni-karlsruhe.de\/\">Karlsruhe,<\/a>\u00a0<a href=\"http:\/\/www.mathe.uni-konstanz.de\/\">Konstanz,<\/a>\u00a0<a href=\"http:\/\/www.math.uni-mannheim.de\/\">Mannheim,<\/a>\u00a0<br><a href=\"http:\/\/www.mathematik.uni-stuttgart.de\/\">Stuttgart,<\/a>\u00a0<a href=\"http:\/\/www.mathematik.uni-tuebingen.de\/\">T\u00fcbingen,<\/a>\u00a0<a href=\"http:\/\/www.mathematik.uni-ulm.de\/\">Ulm<\/a><\/td><\/tr><tr><td><a href=\"https:\/\/www.stmwk.bayern.de\/ministerium\/ministerin-fuer-wissenschaft-und-kunst.html\">Bayern<\/a><\/td><td><a href=\"http:\/\/www.math.uni-augsburg.de\/\">Augsburg,<\/a>&nbsp;<a href=\"https:\/\/www.math.uni-bayreuth.de\/de\/index.html\">Bayreuth,<\/a>&nbsp;<a href=\"http:\/\/www.ku-eichstaett.de\/Fakultaeten\/MGF\/\">Eichst\u00e4tt,<\/a>&nbsp;<a href=\"http:\/\/www.mathematik.uni-erlangen.de\/\">Erlangen,<\/a>&nbsp;<br><a href=\"http:\/\/www.mathematik.tu-muenchen.de\/\">M\u00fcnchen TU,<\/a>&nbsp;<a href=\"http:\/\/www.mathematik.uni-muenchen.de\/\">M\u00fcnchen Uni,<\/a>&nbsp;<a href=\"https:\/\/www.fim.uni-passau.de\/\">Passau,<\/a>&nbsp;<a href=\"http:\/\/www.uni-regensburg.de\/mathematik\/fakultaet\/\">Regensburg,<\/a>&nbsp;<a href=\"http:\/\/www.mathematik.uni-wuerzburg.de\/\">W\u00fcrzburg<\/a><\/td><\/tr><tr><td><a href=\"https:\/\/www.berlin.de\/sen\/bjf\/\">Berlin<\/a><\/td><td><a href=\"http:\/\/www.math.fu-berlin.de\/index.html\">Berlin FU,<\/a>&nbsp;<a href=\"http:\/\/www.mathematik.hu-berlin.de\/\">Berlin HU,<\/a>&nbsp;<a href=\"http:\/\/www.math.tu-berlin.de\/\">Berlin TU<\/a><\/td><\/tr><tr><td><a href=\"https:\/\/mwfk.brandenburg.de\/sixcms\/detail.php\/bb1.c.221589.de\">Brandenburg<\/a><\/td><td><a href=\"https:\/\/www.b-tu.de\/institut-mathematik\/\">Cottbus,<\/a>&nbsp;<a href=\"https:\/\/www.math.uni-potsdam.de\/\">Potsdam<\/a><\/td><\/tr><tr><td><a href=\"http:\/\/www.bremen.de\/info\/bremen\/Regierung.html\">Bremen<\/a><\/td><td><a href=\"http:\/\/www.math.uni-bremen.de\/\">Bremen<\/a><\/td><\/tr><tr><td><a href=\"http:\/\/www.hamburg.de\/fhh\/behoerden\/behoerde_fuer_wissenschaft_und_forschung\/index.htm\">Hamburg<\/a><\/td><td><a href=\"http:\/\/www.math.uni-hamburg.de\/\">Hamburg<\/a><\/td><\/tr><tr><td><a href=\"http:\/\/www.hmwk.hessen.de\/\">Hessen<\/a><\/td><td><a href=\"http:\/\/www.mathematik.tu-darmstadt.de\/\">Darmstadt,<\/a>\u00a0<a href=\"http:\/\/www.math.uni-frankfurt.de\/\">Frankfurt,<\/a>\u00a0<a href=\"http:\/\/www.math.uni-giessen.de\/\">Gie\u00dfen,<\/a>\u00a0<br><a href=\"http:\/\/www.mathematik.uni-kassel.de\/\">Kassel,<\/a>\u00a0<a href=\"http:\/\/www.mathematik.uni-marburg.de\/\">Marburg<\/a><\/td><\/tr><tr><td><a href=\"https:\/\/www.regierung-mv.de\/Landesregierung\/bm\/\">Mecklenburg-Vorpommern<\/a><\/td><td><a href=\"https:\/\/math-inf.uni-greifswald.de\/\">Greifswald,<\/a>&nbsp;<a href=\"https:\/\/www.mathematik.uni-rostock.de\/\">Rostock<\/a><\/td><\/tr><tr><td><a href=\"http:\/\/www.mwk.niedersachsen.de\/\">Niedersachen<\/a><\/td><td><a href=\"http:\/\/www.mathematik.tu-bs.de\/index_de.html\">Braunschweig,<\/a>\u00a0<a href=\"http:\/\/www.math.tu-clausthal.de\/\">Clausthal,<\/a>\u00a0<a href=\"http:\/\/www.math.uni-goettingen.de\/\">G\u00f6ttingen,<\/a>\u00a0<br><a href=\"http:\/\/www.math.uni-hannover.de\/\">Hannover,<\/a> <a href=\"http:\/\/www.mathematik.uni-oldenburg.de\/\">Oldenburg,<\/a>\u00a0<a href=\"http:\/\/www.mathematik.uni-osnabrueck.de\/\">Osnabr\u00fcck<\/a><\/td><\/tr><tr><td><a href=\"https:\/\/www.mkw.nrw\/\">Nordrhein-Westfalen<\/a><\/td><td><a href=\"http:\/\/www.mathematik.rwth-aachen.de\/\">Aachen,<\/a>\u00a0<a href=\"http:\/\/www.mathematik.uni-bielefeld.de\/\">Bielefeld,<\/a>\u00a0<a href=\"http:\/\/www.ruhr-uni-bochum.de\/ffm\/\">Bochum,<\/a>\u00a0<a href=\"http:\/\/www.math.uni-bonn.de\/\">Bonn,<\/a>\u00a0<br><a href=\"http:\/\/www.mathematik.uni-dortmund.de\/\">Dortmund,<\/a>\u00a0<a href=\"http:\/\/www.uni-duisburg.de\/FB11\/home.html\">Duisburg-Essen,<\/a>\u00a0<a href=\"http:\/\/www.math-nat-fak.hhu.de\/\">D\u00fcsseldorf,<\/a>\u00a0<br><a href=\"http:\/\/www.fernuni-hagen.de\/MATHEMATIK\/mathe.html\">Hagen,<\/a>\u00a0<a href=\"http:\/\/www.mi.uni-koeln.de\/\">K\u00f6ln,<\/a>\u00a0<a href=\"http:\/\/www.math.uni-muenster.de\/\">M\u00fcnster,<\/a>\u00a0<a href=\"http:\/\/www.math.uni-paderborn.de\/\">Paderborn,<\/a>\u00a0<br><a href=\"http:\/\/www.math.uni-siegen.de\/\">Siegen,<\/a>\u00a0<a href=\"http:\/\/www.math.uni-wuppertal.de\/\">Wuppertal<\/a><\/td><\/tr><tr><td><a href=\"https:\/\/bm.rlp.de\/de\/startseite\/\">Rheinland-Pfalz<\/a><\/td><td><a href=\"http:\/\/www.mathematik.uni-kl.de\/\">Kaiserslautern,<\/a>&nbsp;<a href=\"https:\/\/www.uni-koblenz-landau.de\/de\/koblenz\/fb3\/mathe\">Koblenz,<\/a>&nbsp;<a href=\"http:\/\/www.mathematik.uni-mainz.de\/\">Mainz,<\/a>&nbsp;<a href=\"http:\/\/www.mathematik.uni-trier.de\/\">Trier<\/a><\/td><\/tr><tr><td><a href=\"http:\/\/www.bildung.saarland.de\/\">Saarland<\/a><\/td><td><a href=\"http:\/\/www.math.uni-sb.de\/\">Saarbr\u00fccken<\/a><\/td><\/tr><tr><td><a href=\"http:\/\/www.sachsen.de\/de\/bf\/staatsregierung\/ministerien\/index_smwk.html\">Sachsen<\/a><\/td><td><a href=\"http:\/\/www.mathematik.tu-chemnitz.de\/\">Chemnitz,<\/a>&nbsp;<a href=\"http:\/\/www.math.tu-dresden.de\/\">Dresden,<\/a>&nbsp;<a href=\"http:\/\/www.math.tu-freiberg.de\/\">Freiberg,<\/a>&nbsp;<a href=\"http:\/\/www.mathematik.uni-leipzig.de\/\">Leipzig<\/a><\/td><\/tr><tr><td><a href=\"http:\/\/www.mk.sachsen-anhalt.de\/\">Sachsen-Anhalt<\/a><\/td><td><a href=\"http:\/\/www.mathematik.uni-halle.de\/\">Halle,<\/a>&nbsp;<a href=\"http:\/\/www.math.uni-magdeburg.de\/\">Magdeburg<\/a><\/td><\/tr><tr><td><a href=\"http:\/\/www.schleswig-holstein.de\/landsh\/landesreg\/min_bildung\/bildung1.html\">Schleswig-Holstein<\/a><\/td><td><a href=\"http:\/\/www.math.uni-kiel.de\/\">Kiel,<\/a>&nbsp;<a href=\"http:\/\/www.math.uni-luebeck.de\/\">L\u00fcbeck<\/a><\/td><\/tr><tr><td><a href=\"https:\/\/www.thueringen.de\/th6\/tmwwdg\/\">Th\u00fcringen<\/a><\/td><td><a href=\"http:\/\/www.mathematik.tu-ilmenau.de\/\">Ilmenau,<\/a>&nbsp;<a href=\"http:\/\/www.minet.uni-jena.de\/\">Jena<\/a><\/td><\/tr><\/tbody><\/table><\/figure>\n<\/div><\/div>\n<\/div>\n<\/div>\n\n\n\n<p><br>Erg\u00e4nzungs- und Korrekturvorschl\u00e4ge an&nbsp;<a href=\"mailto:henriette.draeger@b-tu.de\">henriette.draeger[at]b-tu.de<\/a><\/p>\n","protected":false},"excerpt":{"rendered":"<p>Beteiligte Fachbereiche nach Bundesl\u00e4ndern geordnet Die linke Spalte f\u00fchrt zu den Webseiten der Wissenschaftsministerien. Baden-W\u00fcrttemberg Freiburg,\u00a0Heidelberg,\u00a0Hohenheim,\u00a0Karlsruhe,\u00a0Konstanz,\u00a0Mannheim,\u00a0Stuttgart,\u00a0T\u00fcbingen,\u00a0Ulm Bayern Augsburg,&nbsp;Bayreuth,&nbsp;Eichst\u00e4tt,&nbsp;Erlangen,&nbsp;M\u00fcnchen TU,&nbsp;M\u00fcnchen Uni,&nbsp;Passau,&nbsp;Regensburg,&nbsp;W\u00fcrzburg &hellip; <\/p>\n","protected":false},"author":1,"featured_media":0,"parent":7,"menu_order":0,"comment_status":"closed","ping_status":"closed","template":"","meta":{"footnotes":""},"class_list":["post-70","page","type-page","status-publish","hentry"],"_links":{"self":[{"href":"https:\/\/kmathf.de\/Home\/wp-json\/wp\/v2\/pages\/70","targetHints":{"allow":["GET"]}}],"collection":[{"href":"https:\/\/kmathf.de\/Home\/wp-json\/wp\/v2\/pages"}],"about":[{"href":"https:\/\/kmathf.de\/Home\/wp-json\/wp\/v2\/types\/page"}],"author":[{"embeddable":true,"href":"https:\/\/kmathf.de\/Home\/wp-json\/wp\/v2\/users\/1"}],"replies":[{"embeddable":true,"href":"https:\/\/kmathf.de\/Home\/wp-json\/wp\/v2\/comments?post=70"}],"version-history":[{"count":12,"href":"https:\/\/kmathf.de\/Home\/wp-json\/wp\/v2\/pages\/70\/revisions"}],"predecessor-version":[{"id":430,"href":"https:\/\/kmathf.de\/Home\/wp-json\/wp\/v2\/pages\/70\/revisions\/430"}],"up":[{"embeddable":true,"href":"https:\/\/kmathf.de\/Home\/wp-json\/wp\/v2\/pages\/7"}],"wp:attachment":[{"href":"https:\/\/kmathf.de\/Home\/wp-json\/wp\/v2\/media?parent=70"}],"curies":[{"name":"wp","href":"https:\/\/api.w.org\/{rel}","templated":true}]}}