{"id":525,"date":"2025-07-11T17:13:08","date_gmt":"2025-07-11T17:13:08","guid":{"rendered":"https:\/\/kmathf.de\/Home\/?page_id=525"},"modified":"2026-03-18T08:13:16","modified_gmt":"2026-03-18T08:13:16","slug":"lehramtspreis-2026","status":"publish","type":"page","link":"https:\/\/kmathf.de\/Home\/lehramtspreis-2026\/","title":{"rendered":"Lehramtspreis 2026"},"content":{"rendered":"\n<p>Die Konferenz der mathematischen Fachbereiche (KMathF) vergibt erneut&nbsp;einen Preis f\u00fcr hervorragende Abschlussarbeiten von Lehramtsstudieng\u00e4ngen.<br>Die Preissumme betr\u00e4gt 500 EURO.&nbsp;<\/p>\n\n\n\n<p>Um eine gr\u00f6\u00dfere Sichtbarkeit zu erreichen, wird der Preis 2027 voraussichtlich wieder auf dem MNU-Bundeskongress verliehen.\u00a0<\/p>\n\n\n\n<p>Die Preistr\u00e4gerin bzw. der Preistr\u00e4ger haben dabei die Gelegenheit, ihre&nbsp;Arbeit mit einem Kurzvortrag vorzustellen.<\/p>\n\n\n\n<p>Die Preistr\u00e4gerinnen und Preistr\u00e4ger der vergangenen Jahre k\u00f6nnen Sie <a href=\"https:\/\/kmathf.de\/Home\/preistraeger-2023\/\" data-type=\"page\" data-id=\"445\">hier<\/a> einsehen.<\/p>\n\n\n\n<p>Ausgezeichnet wird die beste Master- oder Staatsexamensarbeit in&nbsp;<br>Studieng\u00e4ngen f\u00fcr das Lehramt an Gymnasien und vergleichbare Lehr\u00e4mter an allgemein- und berufsbildenden Schulen&nbsp;f\u00fcr die Sekundarstufe.<\/p>\n\n\n\n<p>Auch Bachelorarbeiten sind in Konkurrenz zu den Master- oder&nbsp;<br>Staatsexamensarbeiten zugelassen.<br>Die Arbeit muss einen \u00fcberwiegenden Anteil an fachlichen Inhalten aus&nbsp;<br>der Mathematik haben.<\/p>\n\n\n\n<p>Die Verkn\u00fcpfung von fachwissenschaftlichen Inhalten und dem&nbsp;<br>Mathematikunterricht ist erw\u00fcnscht und soll in der Arbeit deutlich&nbsp;<br>ersichtlich sein.<\/p>\n\n\n\n<p>Vorschlagsberechtigt ist jede pr\u00fcfungsberechtigte Person.<\/p>\n\n\n\n<p>Der Vorschlag (bestehend aus pdf-Datei der Arbeit und Gutachten der&nbsp;<br>Betreuerin \/ des Betreuers der Arbeit) ist per e-mail \u00fcber das jeweilige<br>Mitglied der KMathF (Fachbereich\/Fakult\u00e4t\/Institut\/Abteilung f\u00fcr&nbsp;<br>Mathematik)&nbsp;an den Beirat der KMathF zu richten, zu H\u00e4nden von Prof. Dr. Sebastian Bauer&nbsp;(sebastian.bauer2@kit.edu).<\/p>\n\n\n\n<p>Vorgeschlagen werden k\u00f6nnen Arbeiten, die in der Zeit vom 01.10.2025 bis\u00a030.09.2026 abgeschlossen wurden. Einreichungsfrist ist voraussichtlich der 1. Oktober 2026.<\/p>\n\n\n\n<p><\/p>\n","protected":false},"excerpt":{"rendered":"<p>Die Konferenz der mathematischen Fachbereiche (KMathF) vergibt erneut&nbsp;einen Preis f\u00fcr hervorragende Abschlussarbeiten von Lehramtsstudieng\u00e4ngen.Die Preissumme betr\u00e4gt 500 EURO.&nbsp; Um eine &hellip; <\/p>\n","protected":false},"author":1,"featured_media":0,"parent":0,"menu_order":0,"comment_status":"closed","ping_status":"closed","template":"","meta":{"footnotes":""},"class_list":["post-525","page","type-page","status-publish","hentry"],"_links":{"self":[{"href":"https:\/\/kmathf.de\/Home\/wp-json\/wp\/v2\/pages\/525","targetHints":{"allow":["GET"]}}],"collection":[{"href":"https:\/\/kmathf.de\/Home\/wp-json\/wp\/v2\/pages"}],"about":[{"href":"https:\/\/kmathf.de\/Home\/wp-json\/wp\/v2\/types\/page"}],"author":[{"embeddable":true,"href":"https:\/\/kmathf.de\/Home\/wp-json\/wp\/v2\/users\/1"}],"replies":[{"embeddable":true,"href":"https:\/\/kmathf.de\/Home\/wp-json\/wp\/v2\/comments?post=525"}],"version-history":[{"count":5,"href":"https:\/\/kmathf.de\/Home\/wp-json\/wp\/v2\/pages\/525\/revisions"}],"predecessor-version":[{"id":602,"href":"https:\/\/kmathf.de\/Home\/wp-json\/wp\/v2\/pages\/525\/revisions\/602"}],"wp:attachment":[{"href":"https:\/\/kmathf.de\/Home\/wp-json\/wp\/v2\/media?parent=525"}],"curies":[{"name":"wp","href":"https:\/\/api.w.org\/{rel}","templated":true}]}}