{"id":445,"date":"2023-12-15T16:06:28","date_gmt":"2023-12-15T16:06:28","guid":{"rendered":"https:\/\/kmathf.de\/Home\/?page_id=445"},"modified":"2025-01-08T11:07:48","modified_gmt":"2025-01-08T11:07:48","slug":"preistraeger-2023","status":"publish","type":"page","link":"https:\/\/kmathf.de\/Home\/preistraeger-2023\/","title":{"rendered":"Lehramts-Preis der KMathF"},"content":{"rendered":"\n<p>Seit 2019 zeichnet die KMathF die beste Master- oder Staatsexamensarbeit in Studieng\u00e4ngen f\u00fcr das Lehramt an Gymnasien und vergleichbare Lehr\u00e4mter an allgemein- und berufsbildenden Schulen f\u00fcr die Sekundarstufe aus. Seit 2023 sind auch Bachelorarbeiten in Konkurrenz zu den Master- oder Staatsexamensarbeiten zugelassen.<br><br>Die Arbeit muss einen \u00fcberwiegenden Anteil an fachlichen Inhalten aus der Mathematik haben. Die Verkn\u00fcpfung von fachwissenschaftlichen Inhalten und dem Mathematikunterricht ist erw\u00fcnscht und soll in der Arbeit deutlich ersichtlich sein.<\/p>\n\n\n\n<hr class=\"wp-block-separator has-alpha-channel-opacity\"\/>\n\n\n\n<h2 class=\"wp-block-heading\" id=\"aktuell\">Ausschreibung 2025:<\/h2>\n\n\n\n<p><strong>Ausschreibungstext:<\/strong><\/p>\n\n\n\n<p>Ausgezeichnet wird die beste Master- oder Staatsexamensarbeit in Studieng\u00e4ngen f\u00fcr das Lehramt an Gymnasien und vergleichbare Lehr\u00e4mter an allgemein- und berufsbildenden Schulen f\u00fcr die Sekundarstufe.<\/p>\n\n\n\n<p>Auch Bachelorarbeiten sind in Konkurrenz zu den Master- oder Staatsexamensarbeiten zugelassen.<br>Die Arbeit muss einen \u00fcberwiegenden Anteil an fachlichen Inhalten aus der Mathematik haben.<\/p>\n\n\n\n<p>Die Verkn\u00fcpfung von fachwissenschaftlichen Inhalten und dem Mathematikunterricht ist erw\u00fcnscht und soll in der Arbeit deutlich ersichtlich sein.<\/p>\n\n\n\n<p><strong>Antragstellung:<\/strong><\/p>\n\n\n\n<p>Vorschlagsberechtigt ist jede pr\u00fcfungsberechtigte Person. Der Vorschlag (bestehend aus pdf-Datei der Arbeit und Gutachten der Betreuerin \/ des Betreuers der Arbeit) ist per e-mail \u00fcber das jeweilige Mitglied der KMathF (Fachbereich\/Fakult\u00e4t\/Institut\/Abteilung f\u00fcr Mathematik) an den Beirat der KMathF zu richten, zu H\u00e4nden von Prof. Dr. Sabine Pickenhain (<a class=\"moz-txt-link-abbreviated\" href=\"mailto:sabine.pickenhain@b-tu.de\">sabine.pickenhain@b-tu.de<\/a>). <br><br>Vorgeschlagen werden k\u00f6nnen Arbeiten, die in der Zeit vom 01.01.2024 bis 31.12.2024 abgeschlossen wurden. <br><br><strong>Einsendeschluss ist der 31.03.2025<\/strong>.<\/p>\n\n\n\n<p><\/p>\n\n\n\n<hr class=\"wp-block-separator has-alpha-channel-opacity is-style-wide\"\/>\n\n\n\n<p class=\"has-large-font-size\" id=\"PreistraegerInnen\"><strong>Bisherige Preistr\u00e4ger*innen:<\/strong><\/p>\n\n\n\n<h2 class=\"wp-block-heading\"><\/h2>\n\n\n\n<hr class=\"wp-block-separator has-alpha-channel-opacity\"\/>\n\n\n\n<h2 class=\"wp-block-heading\">Preistr\u00e4gerin 2024<\/h2>\n\n\n\n<p>\u00b7&nbsp; <strong>Katja Hoeffer<\/strong><\/p>\n\n\n\n<p>f\u00fcr ihre  am Karlsruher Institut f\u00fcr Technologie (KIT) gefertigte Arbeit<\/p>\n\n\n\n<p><em>Aktivit\u00e4tserkennung auf dem Smartphone<\/em><br><em>Entwicklung von Unterrichtsmaterial f\u00fcr computergest\u00fctzte mathematische Modellierungsprojekte<\/em><\/p>\n\n\n\n<p>Ihre Betreuerin Dr. Sarah Sch\u00f6nbrodt, vormals Steinbuch Centre for Computing am KIT, ist gegenw\u00e4rtig<br>an der Paris Lodron Universit\u00e4t Salzburg t\u00e4tig.<br>Die Arbeit wurde von Prof. Dr. Martin Frank, Steinbuch Centre for Computing am KIT, und Dr. Ingrid Lenhardt, Fakult\u00e4t f\u00fcr Mathematik, Abteilung f\u00fcr Didaktik, am KIT, begutachtet.<br><br>Die Arbeit entstammt dem Projekt <em><a href=\"https:\/\/workshops.cammp.online\/\" data-type=\"link\" data-id=\"https:\/\/workshops.cammp.online\/\">Computational and Mathematical Modeling Program<\/a><\/em> und dazugeh\u00f6rige Jupyter-Notebooks f\u00fcr die Schulprojekte finden sich dort.<\/p>\n\n\n\n<hr class=\"wp-block-separator aligncenter has-alpha-channel-opacity is-style-wide\"\/>\n\n\n\n<h2 class=\"wp-block-heading\">Preistr\u00e4ger 2023<\/h2>\n\n\n\n<p>\u00b7&nbsp; <strong>Leif Thiemann und Gereon Lanzerath<\/strong><\/p>\n\n\n\n<p>f\u00fcr ihre im Sommersemester 2022 am Bonner Zentrum f\u00fcr Lehrerbildung (BZL) vorgelegte Masterarbeit<\/p>\n\n\n\n<p><em>Theorie kombinatorischer Spiele f\u00fcr Mathematik-Lehrkr\u00e4fte<\/em><\/p>\n\n\n\n<p>unter Betreuung von Frau Dr. Regula Krapf<\/p>\n\n\n\n<hr class=\"wp-block-separator has-alpha-channel-opacity\"\/>\n\n\n\n<h2 class=\"wp-block-heading\">Preistr\u00e4gerinnen 2022<\/h2>\n\n\n\n<p><strong>1. Preis:<\/strong><\/p>\n\n\n\n<p>\u00b7&nbsp; <strong>Frau Nicole Albrecht<\/strong><\/p>\n\n\n\n<p>f\u00fcr ihre an der Ruhruniversit\u00e4t Bochum eingereichte Zulassungsarbeit:<\/p>\n\n\n\n<p><em>Jakob Bernoullis Hauptsatz aus der \u201eArs Conjectandi\u201c als Meilenstein in der Geschichte der Wahrscheinlichkeitstheorie<\/em><\/p>\n\n\n\n<p>unter Betreuung von Herrn Prof. Dr. Herold Dehling<\/p>\n\n\n\n<p><strong>2. Preis:<\/strong><\/p>\n\n\n\n<p>\u00b7&nbsp; <strong>Frau Antonia Kaufmann<\/strong><\/p>\n\n\n\n<p>f\u00fcr ihre an der Martin Luther-Universit\u00e4t Halle\/Wittenberg eingereichte f\u00fcr ihre wissenschaftliche Hausarbeit zur Ersten Staatsexamenspr\u00fcfung f\u00fcr das Lehramt an Gymnasien:<\/p>\n\n\n\n<p><em>Numerische Parameteridentifikation in Modellen der Erm\u00fcdungsbeanspruchung von Leichtbaumaterialien<\/em><\/p>\n\n\n\n<p>unter Betreuung von Herrn Prof. Dr. Martin Arnold und Dr. Ralf Sch\u00e4uble<\/p>\n\n\n\n<hr class=\"wp-block-separator has-alpha-channel-opacity\"\/>\n\n\n\n<h2 class=\"wp-block-heading\">Preistr\u00e4ger*innen 2021<\/h2>\n\n\n\n<p><strong>1. Preis:<\/strong><\/p>\n\n\n\n<p>\u00b7&nbsp; <strong>Herr Patrick Chinque<\/strong><\/p>\n\n\n\n<p>f\u00fcr seine an der Universit\u00e4t Regensburg eingereichte Zulassungsarbeit:<\/p>\n\n\n\n<p><em>Ausarbeitung eines W \u2013 Seminars: Numb3rs \u2013 we all use math every day<\/em><\/p>\n\n\n\n<p>unter Betreuung von Herrn Akad. Oberrat Andreas Eberl<\/p>\n\n\n\n<p><strong>1. Preis:<\/strong><\/p>\n\n\n\n<p>\u00b7&nbsp; <strong>Frau Sarah Schl\u00fcter<\/strong><\/p>\n\n\n\n<p>f\u00fcr ihre an der Universit\u00e4t Paderborn eingereichte Masterarbeit:<\/p>\n\n\n\n<p><em>Der Hauptsatz der Differential- und Integralrechnung im Kontext verschiedener Integralbegriffe aus fachmathematischer und fachdidaktischer Sicht<\/em><\/p>\n\n\n\n<p>unter Betreuung von Herrn Prof. Dr. Rolf Biehler und Herrn Prof. Dr. Joachim Hilgert<\/p>\n\n\n\n<p><strong>Lobende W\u00fcrdigung der Jury:<\/strong><\/p>\n\n\n\n<p>\u00b7&nbsp; <strong>Frau Lisa Palenga<\/strong><\/p>\n\n\n\n<p>f\u00fcr ihre an der Universit\u00e4t Freiburg eingereichte Zulassungsarbeit:<\/p>\n\n\n\n<p><em>Modellierung von undehnbaren, d\u00fcnnen St\u00e4ben und Untersuchung ihres Bruchverhaltens an Beispielen<\/em><\/p>\n\n\n\n<p>unter Betreuung von Herrn Prof. Dr. S\u00f6ren Bartels<\/p>\n\n\n\n<p>\u00b7&nbsp; <strong>Philip Schlorf<\/strong><\/p>\n\n\n\n<p>f\u00fcr seine an der Freien Universit\u00e4t Berlin eingereichte Masterarbeit:<\/p>\n\n\n\n<p><em>Mersenne-Zahlen und der Lucas-Lehmer-Test f\u00fcr Mersenne-Zahlen<\/em><\/p>\n\n\n\n<p>unter Betreuung von Herrn Prof. Dr. Alexander Schmitt<\/p>\n\n\n\n<hr class=\"wp-block-separator has-alpha-channel-opacity\"\/>\n\n\n\n<h2 class=\"wp-block-heading\">Preistr\u00e4ger*innen 2020<\/h2>\n\n\n\n<p><strong>1. Preis:<\/strong><\/p>\n\n\n\n<p>\u00b7&nbsp; <strong>Herr Boris Brogmus<\/strong><\/p>\n\n\n\n<p>f\u00fcr seine an der Johannes-Gutenberg-Universit\u00e4t Mainz eingereichte Masterarbeit:<\/p>\n\n\n\n<p><em>Die Bestimmung des Volumens nach Archimedes<\/em><\/p>\n\n\n\n<p>unter Betreuung von Herrn Prof. Dr. Tilman Sauer und Frau Prof. Dr. Ysette Weiss.<\/p>\n\n\n\n<p><strong>1. Preis:<\/strong><\/p>\n\n\n\n<p>\u00b7&nbsp; <strong>Herr Paul Nicolai Weiss<\/strong><\/p>\n\n\n\n<p>f\u00fcr seine an der Eberhard-Karls-Universit\u00e4t T\u00fcbingen eingereichte Masterarbeit:<\/p>\n\n\n\n<p><em>Elementare Stammfunktionen und der Satz von Liouville-Ostrowski<\/em><\/p>\n\n\n\n<p>unter Betreuung von Herrn Prof. Dr. Thomas Markwig.<\/p>\n\n\n\n<p><strong>Kleiner Preis:<\/strong><\/p>\n\n\n\n<p>\u00b7&nbsp; <strong>Frau Andrea Maria Tiwisina<\/strong><\/p>\n\n\n\n<p>f\u00fcr ihre an der RWTH Aachen eingereichte Bachelorarbeit:<\/p>\n\n\n\n<p><em>Differentialgleichungen in der Chemie \u2013 Konzeption, Durchf\u00fchrung und Reflexion eines Workshops f\u00fcr Oberstufensch\u00fcler<\/em><\/p>\n\n\n\n<p>unter Betreuung von Frau Prof. Dr. Johanna Heitzer und Herrn Dr. Michael Schr\u00f6der.<\/p>\n\n\n\n<hr class=\"wp-block-separator has-alpha-channel-opacity\"\/>\n\n\n\n<h2 class=\"wp-block-heading\">Preistr\u00e4ger 2019<\/h2>\n\n\n\n<p><strong>1. Preis:<\/strong><\/p>\n\n\n\n<p>\u00b7&nbsp; <strong>Herr Julian Haupt<\/strong><\/p>\n\n\n\n<p>f\u00fcr seine an der Universit\u00e4t Oldenburg eingereichte Masterarbeit:<\/p>\n\n\n\n<p><em>Eine Verallgemeinerung der Multiplikatorenregel von Lagrange und ihr didaktisch-methodischer Einsatz in der Schule<\/em><\/p>\n\n\n\n<p>unter Betreuung von Frau Prof. Dr. Angelika May.<\/p>\n\n\n\n<p><strong>2. Preis:<\/strong><\/p>\n\n\n\n<p>\u00b7&nbsp; <strong>Herr Yannick Lauer<\/strong><\/p>\n\n\n\n<p>f\u00fcr seine an der Universit\u00e4t Trier eingereichte Masterarbeit:<\/p>\n\n\n\n<p><em>Ebene Euklidische Geometrie. Eine Grundlage f\u00fcr den Geometrieunterricht der allgemeinbildenden Sekundarstufe I und II<\/em><\/p>\n\n\n\n<p>unter Betreuung von Herrn Prof. Dr. Lutz Mattner.<\/p>\n","protected":false},"excerpt":{"rendered":"<p>Seit 2019 zeichnet die KMathF die beste Master- oder Staatsexamensarbeit in Studieng\u00e4ngen f\u00fcr das Lehramt an Gymnasien und vergleichbare Lehr\u00e4mter &hellip; <\/p>\n","protected":false},"author":1,"featured_media":0,"parent":0,"menu_order":0,"comment_status":"closed","ping_status":"closed","template":"","meta":{"footnotes":""},"class_list":["post-445","page","type-page","status-publish","hentry"],"_links":{"self":[{"href":"https:\/\/kmathf.de\/Home\/wp-json\/wp\/v2\/pages\/445","targetHints":{"allow":["GET"]}}],"collection":[{"href":"https:\/\/kmathf.de\/Home\/wp-json\/wp\/v2\/pages"}],"about":[{"href":"https:\/\/kmathf.de\/Home\/wp-json\/wp\/v2\/types\/page"}],"author":[{"embeddable":true,"href":"https:\/\/kmathf.de\/Home\/wp-json\/wp\/v2\/users\/1"}],"replies":[{"embeddable":true,"href":"https:\/\/kmathf.de\/Home\/wp-json\/wp\/v2\/comments?post=445"}],"version-history":[{"count":18,"href":"https:\/\/kmathf.de\/Home\/wp-json\/wp\/v2\/pages\/445\/revisions"}],"predecessor-version":[{"id":502,"href":"https:\/\/kmathf.de\/Home\/wp-json\/wp\/v2\/pages\/445\/revisions\/502"}],"wp:attachment":[{"href":"https:\/\/kmathf.de\/Home\/wp-json\/wp\/v2\/media?parent=445"}],"curies":[{"name":"wp","href":"https:\/\/api.w.org\/{rel}","templated":true}]}}