{"id":3,"date":"2023-10-05T11:34:05","date_gmt":"2023-10-05T11:34:05","guid":{"rendered":"https:\/\/kmathf.de\/Home\/?page_id=3"},"modified":"2026-03-10T12:27:27","modified_gmt":"2026-03-10T12:27:27","slug":"privacy-policy","status":"publish","type":"page","link":"https:\/\/kmathf.de\/Home\/konferenz-der-mathematischen-fachbereiche\/privacy-policy\/","title":{"rendered":"Datenschutz und Impressum"},"content":{"rendered":"\n<h2 class=\"wp-block-heading\">Datenschutz<\/h2>\n\n\n\n<h4 class=\"wp-block-heading\">Speicherung von Browserdaten<\/h4>\n\n\n\n<p>Wenn eine Webseite besucht wird, sendet der Browser grunds\u00e4tzlich Informationen \u00fcber Browsertyp und Browserversion, das verwandte Betriebssystem, die Referrer-URL, die IPAdresse, den Dateinamen, den Zugriffsstatus, die \u00fcbertragene Datenmenge, das Datum und die Uhrzeit der Serveranfrage. Diese gespeicherten Daten werden ausschlie\u00dflich zu Zwecken der Fehleranalyse und der Identifikation und Nachverfolgung unzul\u00e4ssiger Zugriffsversuche und Zugriffe auf den Web-Server verwendet. Ein Abgleich mit anderen Datenbest\u00e4nden oder eine Weitergabe an Dritte erfolgt nicht. Die Daten werden f\u00fcr eine Dauer von l\u00e4ngstens sieben Tagen gespeichert und danach gel\u00f6scht.<\/p>\n\n\n\n<h2 class=\"wp-block-heading\">Impressum<\/h2>\n\n\n\n<p>Prof. Dr.  <br>Rob van Stee<br>Department Mathematik<br>Universit\u00e4t Siegen<br>Email: rob.vanstee[at]uni-siegen.de<br>Tel. +49 2717405237<br>Fax. +49 000000000<br><\/p>\n\n\n\n<p><\/p>\n","protected":false},"excerpt":{"rendered":"<p>Datenschutz Speicherung von Browserdaten Wenn eine Webseite besucht wird, sendet der Browser grunds\u00e4tzlich Informationen \u00fcber Browsertyp und Browserversion, das verwandte &hellip; <\/p>\n","protected":false},"author":1,"featured_media":0,"parent":7,"menu_order":0,"comment_status":"closed","ping_status":"closed","template":"","meta":{"footnotes":""},"class_list":["post-3","page","type-page","status-publish","hentry"],"_links":{"self":[{"href":"https:\/\/kmathf.de\/Home\/wp-json\/wp\/v2\/pages\/3","targetHints":{"allow":["GET"]}}],"collection":[{"href":"https:\/\/kmathf.de\/Home\/wp-json\/wp\/v2\/pages"}],"about":[{"href":"https:\/\/kmathf.de\/Home\/wp-json\/wp\/v2\/types\/page"}],"author":[{"embeddable":true,"href":"https:\/\/kmathf.de\/Home\/wp-json\/wp\/v2\/users\/1"}],"replies":[{"embeddable":true,"href":"https:\/\/kmathf.de\/Home\/wp-json\/wp\/v2\/comments?post=3"}],"version-history":[{"count":2,"href":"https:\/\/kmathf.de\/Home\/wp-json\/wp\/v2\/pages\/3\/revisions"}],"predecessor-version":[{"id":581,"href":"https:\/\/kmathf.de\/Home\/wp-json\/wp\/v2\/pages\/3\/revisions\/581"}],"up":[{"embeddable":true,"href":"https:\/\/kmathf.de\/Home\/wp-json\/wp\/v2\/pages\/7"}],"wp:attachment":[{"href":"https:\/\/kmathf.de\/Home\/wp-json\/wp\/v2\/media?parent=3"}],"curies":[{"name":"wp","href":"https:\/\/api.w.org\/{rel}","templated":true}]}}