{"id":145,"date":"2023-10-12T23:17:09","date_gmt":"2023-10-12T23:17:09","guid":{"rendered":"https:\/\/kmathf.de\/Home\/?page_id=145"},"modified":"2023-10-12T23:32:32","modified_gmt":"2023-10-12T23:32:32","slug":"kmathf-diskrete-mathematik","status":"publish","type":"page","link":"https:\/\/kmathf.de\/Home\/konferenz-der-mathematischen-fachbereiche\/kmathf-gebiete-der-mathematik\/kmathf-diskrete-mathematik\/","title":{"rendered":"Diskrete Mathematik"},"content":{"rendered":"\n<div class=\"wp-block-media-text is-stacked-on-mobile\"><figure class=\"wp-block-media-text__media\"><img loading=\"lazy\" decoding=\"async\" width=\"156\" height=\"164\" src=\"https:\/\/kmathf.de\/Home\/wp-content\/uploads\/2023\/10\/Bild_2023-10-09_215752151.png\" alt=\"\" class=\"wp-image-179 size-full\"\/><\/figure><div class=\"wp-block-media-text__content\">\n<h4 class=\"wp-block-heading\">Diskrete Mathematik<\/h4>\n<\/div><\/div>\n\n\n\n<figure class=\"wp-block-table\"><table><tbody><tr><td><a href=\"http:\/\/kmathf.math.uni-bielefeld.de\/math\/diskret\/skripte.html\"><strong>Skripte<\/strong><\/a><\/td><td><a href=\"http:\/\/kmathf.math.uni-bielefeld.de\/math\/diskret\/buecher.html\"><strong>B\u00fccher<\/strong><\/a><\/td><td><a href=\"http:\/\/kmathf.math.uni-bielefeld.de\/math\/diskret\/publications.html\"><strong>Publikationen<\/strong><\/a><\/td><td><a href=\"http:\/\/kmathf.math.uni-bielefeld.de\/math\/diskret\/themen.html\"><strong>Themen<\/strong><\/a><\/td><td><a href=\"http:\/\/kmathf.math.uni-bielefeld.de\/math\/diskret\/quellen.html\"><strong>Quellen<\/strong><\/a><\/td><td><a href=\"https:\/\/kmathf.de\/Home\/?page_id=92\" data-type=\"link\" data-id=\"https:\/\/kmathf.de\/Home\/?page_id=92\"><strong>Mathematik<\/strong><\/a><\/td><\/tr><\/tbody><\/table><\/figure>\n\n\n\n<p>In der diskreten Mathematik studiert man endliche Systeme und diskrete Strukturen. Zur diskreten Mathematik geh\u00f6ren zum Beispiel Bereiche wie Kombinatorik, Graphentheorie, mathematische Kristallographie, Symmetriegruppen, diskrete Geometrie, Algorithmen und Optimierung. Besonders in der Forschung hat sich die diskrete Mathematik in den letzten 20 Jahren stark entwickelt, zum Teil im Zusammenspiel mit Bereichen der Informatik.<\/p>\n\n\n\n<p>In der diskreten Mathematik gibt es viele reizvolle Aufgaben, die sich leicht formulieren, aber nicht so leicht l\u00f6sen lassen, wie zum Beispiel das&nbsp;<em>Vierfarbenproblem<\/em>, das 1852 durch den Londoner Studenten Francis Guthrie angeregt wurde: Kann man mit vier Farben auskommen, wenn man die L\u00e4nder einer Landkarte so f\u00e4rben m\u00f6chte, dass benachbarte L\u00e4nder stets verschiedene Farben haben? Dieses Problem wurde erst 1976 von Kenneth Appel und Wolfgang Haken vollst\u00e4ndig gel\u00f6st und positiv entschieden, wobei auch wesentlich Ideen von Heinrich Heesch eingingen.<\/p>\n\n\n\n<p>Vorlesungen aus Bereichen der diskreten Mathematik kann man je nach Angebot ab dem zweiten Semester eines Mathematikstudiums h\u00f6ren.<\/p>\n\n\n\n<p class=\"has-text-align-center\"><a href=\"mailto:kersten@mathematik.uni-bielefeld.de\">kersten@mathematik.uni-bielefeld.de<\/a><\/p>\n","protected":false},"excerpt":{"rendered":"<p>Diskrete Mathematik Skripte B\u00fccher Publikationen Themen Quellen Mathematik In der diskreten Mathematik studiert man endliche Systeme und diskrete Strukturen. Zur &hellip; <\/p>\n","protected":false},"author":1,"featured_media":0,"parent":92,"menu_order":0,"comment_status":"closed","ping_status":"closed","template":"","meta":{"footnotes":""},"class_list":["post-145","page","type-page","status-publish","hentry"],"_links":{"self":[{"href":"https:\/\/kmathf.de\/Home\/wp-json\/wp\/v2\/pages\/145","targetHints":{"allow":["GET"]}}],"collection":[{"href":"https:\/\/kmathf.de\/Home\/wp-json\/wp\/v2\/pages"}],"about":[{"href":"https:\/\/kmathf.de\/Home\/wp-json\/wp\/v2\/types\/page"}],"author":[{"embeddable":true,"href":"https:\/\/kmathf.de\/Home\/wp-json\/wp\/v2\/users\/1"}],"replies":[{"embeddable":true,"href":"https:\/\/kmathf.de\/Home\/wp-json\/wp\/v2\/comments?post=145"}],"version-history":[{"count":5,"href":"https:\/\/kmathf.de\/Home\/wp-json\/wp\/v2\/pages\/145\/revisions"}],"predecessor-version":[{"id":402,"href":"https:\/\/kmathf.de\/Home\/wp-json\/wp\/v2\/pages\/145\/revisions\/402"}],"up":[{"embeddable":true,"href":"https:\/\/kmathf.de\/Home\/wp-json\/wp\/v2\/pages\/92"}],"wp:attachment":[{"href":"https:\/\/kmathf.de\/Home\/wp-json\/wp\/v2\/media?parent=145"}],"curies":[{"name":"wp","href":"https:\/\/api.w.org\/{rel}","templated":true}]}}