{"id":140,"date":"2023-10-12T23:16:49","date_gmt":"2023-10-12T23:16:49","guid":{"rendered":"https:\/\/kmathf.de\/Home\/?page_id=140"},"modified":"2023-10-12T23:32:21","modified_gmt":"2023-10-12T23:32:21","slug":"kmathf-differentialgleichungen","status":"publish","type":"page","link":"https:\/\/kmathf.de\/Home\/konferenz-der-mathematischen-fachbereiche\/kmathf-gebiete-der-mathematik\/kmathf-differentialgleichungen\/","title":{"rendered":"Differentialgleichungen"},"content":{"rendered":"\n<div class=\"wp-block-media-text is-stacked-on-mobile\"><figure class=\"wp-block-media-text__media\"><img loading=\"lazy\" decoding=\"async\" width=\"375\" height=\"280\" src=\"https:\/\/kmathf.de\/Home\/wp-content\/uploads\/2023\/10\/Bild_2023-10-09_214534164.png\" alt=\"\" class=\"wp-image-173 size-full\" srcset=\"https:\/\/kmathf.de\/Home\/wp-content\/uploads\/2023\/10\/Bild_2023-10-09_214534164.png 375w, https:\/\/kmathf.de\/Home\/wp-content\/uploads\/2023\/10\/Bild_2023-10-09_214534164-300x224.png 300w\" sizes=\"auto, (max-width: 375px) 100vw, 375px\" \/><\/figure><div class=\"wp-block-media-text__content\">\n<h4 class=\"wp-block-heading\">Differential-gleichungen<\/h4>\n<\/div><\/div>\n\n\n\n<figure class=\"wp-block-table\"><table><tbody><tr><td><a href=\"http:\/\/kmathf.math.uni-bielefeld.de\/math\/dgl\/skripte.html\"><strong>Skripte<\/strong><\/a><\/td><td><a href=\"http:\/\/kmathf.math.uni-bielefeld.de\/math\/dgl\/buecher.html\"><strong>B\u00fccher<\/strong><\/a><\/td><td><a href=\"http:\/\/kmathf.math.uni-bielefeld.de\/math\/dgl\/publications.html\"><strong>Publikationen<\/strong><\/a><\/td><td><a href=\"http:\/\/kmathf.math.uni-bielefeld.de\/math\/dgl\/themen.html\"><strong>Themen<\/strong><\/a><\/td><td><a href=\"http:\/\/kmathf.math.uni-bielefeld.de\/math\/dgl\/quellen.html\"><strong>Quellen<\/strong><\/a><\/td><td><a href=\"http:\/\/kmathf.math.uni-bielefeld.de\/math\/index.html\"><strong>Mathematik<\/strong><\/a><\/td><\/tr><\/tbody><\/table><\/figure>\n\n\n\n<p>Bei den Differentialgleichungen zeigt sich die Anwendbarkeit der Mathematik in Naturwissenschaft und Technik besonders deutlich. So gilt zum Beispiel bei geradliniger Bewegung f\u00fcr die Geschwindigkeit v(t) und die zur\u00fcckgelegte Wegl\u00e4nge s(t) die Gleichung s'(t)=v(t), wobei s&#8216; die Ableitung nach der Zeitvariablen t bezeichnet. Die Funktion s nennt man eine L\u00f6sung der Differentialgleichung s&#8217;=v(t).<\/p>\n\n\n\n<p>Allgemein nennt man eine Gleichung der Form&nbsp; &nbsp;y<sup>(n)<\/sup>&nbsp;=&nbsp;f(x,&nbsp;y,&nbsp;y&#8216;,&#8230;,&nbsp;y<sup>(n-1)<\/sup>)&nbsp; eine&nbsp;<em>gew\u00f6hnliche Differentialgleichung n-ter Ordnung.<\/em>&nbsp;Hierbei sei f eine reellwertige stetige Funktion auf einer Teilmenge G von&nbsp;<strong>R<\/strong><sup>n+1<\/sup>. Eine&nbsp;<em>L\u00f6sung<\/em>&nbsp;ist eine n mal auf einem reellen Intervall&nbsp;<em>I<\/em>&nbsp;differenzierbare Funktion y, die f\u00fcr jedes x aus&nbsp;<em>I<\/em>&nbsp;die beiden folgenden Bedingungen erf\u00fcllt: Der Punkt&nbsp; (x,&nbsp;y(x),&nbsp;y'(x)&nbsp;,&#8230;,&nbsp;y<sup>(n-1)<\/sup>(x)) liegt in G, und es ist y<sup>(n)<\/sup>(x)&nbsp;=&nbsp;f(x,&nbsp;y(x),&nbsp;y'(x)&nbsp;,&#8230;,&nbsp;y<sup>(n-1)<\/sup>(x)).<\/p>\n\n\n\n<p>Wir betrachten einige&nbsp;<strong>Beispiele,<\/strong>&nbsp;wobei wir die Abk\u00fcrzung DGL f\u00fcr &#8222;Differentialgleichung&#8220; benutzen:<\/p>\n\n\n\n<ol class=\"wp-block-list\" type=\"1\">\n<li>Die Gleichung&nbsp; y&#8217;=y&nbsp; ist eine DGL 1.Ordnung. Man sieht sofort, dass&nbsp; y(x)&nbsp;=&nbsp;e<sup>x<\/sup>&nbsp; eine L\u00f6sung ist. Tats\u00e4chlich ist y<sub>c<\/sub>(x)&nbsp;=&nbsp;c&nbsp;e<sup>x<\/sup>&nbsp; f\u00fcr jede Konstante c aus&nbsp;<strong>R<\/strong>&nbsp;eine L\u00f6sung, und es ist&nbsp;<em>I<\/em>=<strong>R<\/strong>.<\/li>\n\n\n\n<li>Die Gleichung&nbsp; y&#8220;&nbsp;=&nbsp;&#8211;&nbsp;y&nbsp; ist eine DGL 2.Ordnung. Eine&nbsp;<em>partikul\u00e4re<\/em>&nbsp;L\u00f6sung ist y(x)=cos(x), denn es ist y'(x)=-sin(x) und also y&#8220;(x)=-sin&#8217;x=-cos(x)=-y(x). Eine allgemeine L\u00f6sung ist die Funktion y(x)&nbsp;=&nbsp;c<sub>1<\/sub>cos(x)&nbsp;+&nbsp;c<sub>2<\/sub>sin(x).<\/li>\n\n\n\n<li>Die Gleichung&nbsp; y&#8217;=&nbsp;-x<sup>-1<\/sup>&nbsp;y&nbsp; ist eine DGL 1.Ordnung mit allgemeiner L\u00f6sung&nbsp; y(x)&nbsp;=&nbsp;c&nbsp;x<sup>-1<\/sup>, es ist y'(x)&nbsp;=&nbsp;-c&nbsp;x<sup>-2<\/sup>&nbsp;=&nbsp;&#8211;&nbsp;x<sup>-1<\/sup>&nbsp;y(x). Durch Vorgabe einer&nbsp;<em>Anfangswertbedingung<\/em>&nbsp;kann man die L\u00f6sung eindeutig machen, zum Beispiel soll y(1)=27 gelten. Dann hat man nur eine L\u00f6sung, n\u00e4mlich&nbsp; y(x)&nbsp;=&nbsp;27&nbsp;x<sup>-1<\/sup>.&nbsp;<\/li>\n\n\n\n<li>Die Gleichung&nbsp; y&#8217;=&nbsp;a(x)&nbsp;y&nbsp; mit einer stetigen Funktion a hat L\u00f6sungen der Form &nbsp;y(x)&nbsp;=&nbsp;c&nbsp;e<sup>A(x)<\/sup>,&nbsp; wobei A irgendeine Stammfunktion von a ist und also &nbsp;A&#8216;&nbsp;=&nbsp;a&nbsp; erf\u00fcllt. Man nennt diese Gleichung eine&nbsp;<em>homogene lineare DGL 1.Ordnung<\/em>.<\/li>\n\n\n\n<li>L\u00f6sungen der&nbsp;<em>inhomogenen<\/em>&nbsp;linearen DGL y&#8217;=a(x)y+b(x), wobei b(x) stetig und nicht Null ist, erh\u00e4lt man nach einer Idee von Lagrange (1736-1813) durch&nbsp;<em>Variation der Konstanten.<\/em>&nbsp;Man macht einen Ansatz y(x)=c(x)e<sup>A(x)<\/sup>,&nbsp; wobei A eine Stammfunktion von a ist, und erh\u00e4lt y'(x)=a(x)y(x)+c'(x)e<sup>A(x)<\/sup>. Vergleich mit der vorgegebenen DGL ergibt dann die unten in IV angegebenen L\u00f6sungen.<\/li>\n<\/ol>\n\n\n\n<p>Man beachte, dass eine Stammfunktion stets nur bis auf eine additive Konstante C bestimmt ist. In der folgenden Tabelle sind einige einfachere&nbsp;<strong>DGL-Typen 1.Ordnung<\/strong>&nbsp;mit m\u00f6glichen L\u00f6sungsmethoden aufgelistet.<\/p>\n\n\n\n<figure class=\"wp-block-table\"><table><tbody><tr><td colspan=\"2\"><strong>Typ<\/strong><\/td><td><strong>L\u00f6sungen y(x)<\/strong><\/td><\/tr><tr><td><strong>I<\/strong><\/td><td>y&#8216;&nbsp;=&nbsp;f(x)<\/td><td><img loading=\"lazy\" decoding=\"async\" width=\"8\" height=\"29\" src=\"\" alt=\"Integral\"> f(x)dx<\/td><\/tr><tr><td><strong>II<\/strong><strong><\/strong><\/td><td>y&#8216;&nbsp;= g(y)<\/td><td>L\u00f6se folgende Gleichung nach y auf: <img loading=\"lazy\" decoding=\"async\" width=\"8\" height=\"29\" src=\"\" alt=\"Integral\"> g(y)<sup>-1<\/sup> dy &nbsp;= x+C<\/td><\/tr><tr><td><strong>III<\/strong><strong><\/strong><\/td><td>Getrennte Variable<br>y&#8216;&nbsp;= f(x)g(y)<\/td><td>L\u00f6se folgende Gleichung nach y auf: <img loading=\"lazy\" decoding=\"async\" width=\"8\" height=\"29\" src=\"\" alt=\"Int\"> g(y)<sup>-1<\/sup>dy &nbsp;= <img loading=\"lazy\" decoding=\"async\" width=\"8\" height=\"29\" src=\"\" alt=\"Int\"> f(x)dx<\/td><\/tr><tr><td><strong>IV<\/strong><strong><\/strong><\/td><td>Inhomogene lineare DGL<br>y&#8217;=&nbsp;a(x)y+b(x) und b nicht 0<\/td><td>Variation der Konstanten e<sup>A(x)<\/sup> ( <img loading=\"lazy\" decoding=\"async\" width=\"8\" height=\"29\" src=\"\" alt=\"Int\"> b(x)e<sup>-A(x)<\/sup>dx+C), A&#8217;=a<\/td><\/tr><tr><td><strong>V<\/strong><strong><\/strong><\/td><td>Bernoulli-DGL<br>y&#8216;&nbsp;=&nbsp;f(x)y&nbsp;+&nbsp;h(x)y<sup>r<\/sup>,&nbsp; r aus&nbsp;<strong>R<\/strong><\/td><td>Substitution<br>z=y<sup>1-r<\/sup>&nbsp;ergibt z&#8217;=(1-r)f(x)z+(1-r)h(x), also Typ IV<\/td><\/tr><tr><td><strong>VI<\/strong><\/td><td>Ricatti-DGL<br>y&#8216;&nbsp;=&nbsp;f(x)&nbsp;+&nbsp;g(x)y&nbsp;+&nbsp;h(x)y\u00b2<\/td><td>Falls partikul\u00e4re L\u00f6sung u gefunden: Sustitution<br>z=y-u ergibt z&#8217;=(g(x)+2h(x)u(x))z+h(x)z\u00b2, also Typ V<\/td><\/tr><tr><td><strong>VII<\/strong><\/td><td>y&#8216;&nbsp;=&nbsp;f(x<sup>-1<\/sup>y)<\/td><td>Substitution<br>z=x<sup>-1<\/sup>y ergibt z&#8217;=x<sup>-1<\/sup>(f(z)-z), also Typ III<\/td><\/tr><tr><td><strong>VIII<\/strong><\/td><td>Spezielle Riccatti-DGL<br>y&#8216;&nbsp;=&nbsp;ax<sup>-2<\/sup>&nbsp;+&nbsp;by<sup>2<\/sup>&nbsp;mit a,b aus&nbsp;<strong>R<\/strong><\/td><td>Substitution<br>z=y<sup>-1<\/sup>&nbsp;ergibt z&#8217;=-b-a(x<sup>-1<\/sup>z)<sup>2<\/sup>, also Typ VII<\/td><\/tr><\/tbody><\/table><\/figure>\n\n\n\n<p>Man muss hierbei sehr aufpassen, zum Beispiel muss nat\u00fcrlich g(y) ungleich 0 in II und III gelten. In einer Vorlesung \u00fcber gew\u00f6hnliche Differentialgleichungen werden Kriterien \u00fcber die Existenz von L\u00f6sungen und deren Eindeutigkeit bei vorgegebener&nbsp;<em>Anfangswertbedingung<\/em>&nbsp;hergeleitet.<\/p>\n\n\n\n<p>In der allgemeinen L\u00f6sung einer gew\u00f6hnlichen DGL der Ordnung n hat man n freie Konstanten. Ist n=1, so ist durch die DGL y&#8217;=f(x,y) in jedem Punkt P einer jeden L\u00f6sungskurve y<sub>c<\/sub>(x) eine Steigung vorgegeben (n\u00e4mlich die Steigung der Tangente an die Kurve im Punkt P). Man spricht dann von einem&nbsp;<em>Richtungsfeld<\/em>, und in einfachen F\u00e4llen kann man an dem Richtungsfeld die L\u00f6sung ablesen. Oben auf dieser Seite ist das Richtungsfeld einer DGL vom Typ y&#8217;=f(x<sup>-1<\/sup>y) aufgemalt.<\/p>\n\n\n\n<p>Ab n=2 kann man statt Anfangswertbedingungen auch&nbsp;<em>Randwertbedingungen<\/em>&nbsp;stellen, um die Konstanten zu bestimmen. Ist y&#8220;=f(x,y,y&#8216;) eine DGL 2.Ordnung, so ist zum Beispiel durch y(x<sub>0<\/sub>)=y<sub>0<\/sub>&nbsp;und y'(x<sub>0<\/sub>)=y<sub>1<\/sub>&nbsp;eine Anfangswertbedingung und durch y(x<sub>0<\/sub>)=y<sub>0<\/sub>&nbsp;und y(x<sub>1<\/sub>)=y<sub>1<\/sub>&nbsp;eine Randwertbedingung gegeben. Man unterscheidet hier zwischen&nbsp;<em>Anfangswertaufgaben<\/em>&nbsp;und&nbsp;<em>Randwertaufgaben.<\/em><\/p>\n\n\n\n<p>Untersucht werden auch&nbsp;<em>Systeme von Differentialgleichungen,<\/em>&nbsp;zum Beispiel kann man ein homogenes lineares System 1.Ordnung mit Hilfe des Matrizenkalk\u00fcls schreiben als&nbsp;<strong>y&#8216;<\/strong>=<strong>A<\/strong>(x)<strong>y<\/strong>, wobei&nbsp;<strong>A<\/strong>(x) eine Matrix ist, und mit Methoden der linearen Algebra behandeln. Hierbei geht dann auch die Theorie der Eigenwerte und Eigenvektoren ein.<\/p>\n\n\n\n<p>Gew\u00f6hnliche Differentialgleichungen werden bereits in den Vorlesungen Analysis II oder III betrachtet. Danach kann man dann noch Vorlesungen \u00fcber gew\u00f6hnliche und&nbsp;<em>partielle Differentialgleichungen<\/em>&nbsp;anschlie\u00dfen. Bei partiellen Differentialgleichungen h\u00e4ngen die L\u00f6sungsfunktionen von mehr als einer Variablen ab. Man kann sie bei zwei Variablen x,y zum Beispiel schreiben als f(x,y,z(x,y),z<sub>x<\/sub>,z<sub>y<\/sub>,z<sub>xx<\/sub>,z<sub>xy<\/sub>,z<sub>yy<\/sub>,&#8230;)=0, wobei die Indizes partielle Ableitungen bedeuten.<\/p>\n\n\n\n<p class=\"has-text-align-center\"><a href=\"mailto:kersten@mathematik.uni-bielefeld.de\">kersten@mathematik.uni-bielefeld.de<\/a><\/p>\n","protected":false},"excerpt":{"rendered":"<p>Differential-gleichungen Skripte B\u00fccher Publikationen Themen Quellen Mathematik Bei den Differentialgleichungen zeigt sich die Anwendbarkeit der Mathematik in Naturwissenschaft und Technik &hellip; <\/p>\n","protected":false},"author":1,"featured_media":0,"parent":92,"menu_order":0,"comment_status":"closed","ping_status":"closed","template":"","meta":{"footnotes":""},"class_list":["post-140","page","type-page","status-publish","hentry"],"_links":{"self":[{"href":"https:\/\/kmathf.de\/Home\/wp-json\/wp\/v2\/pages\/140","targetHints":{"allow":["GET"]}}],"collection":[{"href":"https:\/\/kmathf.de\/Home\/wp-json\/wp\/v2\/pages"}],"about":[{"href":"https:\/\/kmathf.de\/Home\/wp-json\/wp\/v2\/types\/page"}],"author":[{"embeddable":true,"href":"https:\/\/kmathf.de\/Home\/wp-json\/wp\/v2\/users\/1"}],"replies":[{"embeddable":true,"href":"https:\/\/kmathf.de\/Home\/wp-json\/wp\/v2\/comments?post=140"}],"version-history":[{"count":4,"href":"https:\/\/kmathf.de\/Home\/wp-json\/wp\/v2\/pages\/140\/revisions"}],"predecessor-version":[{"id":401,"href":"https:\/\/kmathf.de\/Home\/wp-json\/wp\/v2\/pages\/140\/revisions\/401"}],"up":[{"embeddable":true,"href":"https:\/\/kmathf.de\/Home\/wp-json\/wp\/v2\/pages\/92"}],"wp:attachment":[{"href":"https:\/\/kmathf.de\/Home\/wp-json\/wp\/v2\/media?parent=140"}],"curies":[{"name":"wp","href":"https:\/\/api.w.org\/{rel}","templated":true}]}}